{"id":947,"date":"2023-01-30T10:41:49","date_gmt":"2023-01-30T09:41:49","guid":{"rendered":"https:\/\/www.aaihednrn.org\/?page_id=947"},"modified":"2023-05-31T13:58:16","modified_gmt":"2023-05-31T11:58:16","slug":"membres-de-lar15","status":"publish","type":"page","link":"https:\/\/www.aaihednrn.org\/index.php\/membres-de-lar15\/","title":{"rendered":"Membres de l&rsquo;AR15, page d&rsquo;accueil"},"content":{"rendered":"\n<p><em>Bienvenue sur votre page personnalis\u00e9e. <\/em><br \/>E<em>lle vous permet un acc\u00e8s rapide sur les actualit\u00e9s r\u00e9centes et aux informations de r\u00e9f\u00e9rence de notre communaut\u00e9 AR15.<br \/><\/em><em><a href=\"https:\/\/www.aaihednrn.org\/index.php\/2022\/07\/30\/bulletins-dadhesion-2022\/\" target=\"_blank\" rel=\"noopener\">Cliquez-ici<\/a> si vous n&rsquo;\u00eates pas membre de notre communaut\u00e9 AR15 . <\/em><\/p>\n\n\n\n<hr \/>\n<p><span style=\"text-decoration: underline;\"><span style=\"color: #0000ff; text-decoration: underline;\">Prochaines <strong data-rich-text-format-boundary=\"true\">activit\u00e9s <\/strong>organis\u00e9es <strong data-rich-text-format-boundary=\"true\">pour vous<\/strong> par l&rsquo;AR15 :<\/span><\/span><\/p>\n\n\n\n<ul class=\"display-posts-listing\"><li class=\"listing-item\"><a class=\"title\" target=\"_blank\" href=\"https:\/\/www.aaihednrn.org\/index.php\/2023\/05\/02\/visio-conference-le-role-de-la-reserve-dans-la-lutte-contre-la-cybercriminalite\/\">Visio 4 mai 2023 18h-20h : Le r\u00f4le de la r\u00e9serve dans la lutte contre la cybercriminalit\u00e9<\/a><\/li><li class=\"listing-item\"><a class=\"title\" target=\"_blank\" href=\"https:\/\/www.aaihednrn.org\/index.php\/2023\/05\/02\/conference-2-mai-2023-17h45\/\">Conf\u00e9rence 2 mai 2023 17h45, La Chine dans une nouvelle guerre froide<\/a><\/li><\/ul>\n\n\n\n<hr>\n<p><span style=\"color: #0000ff;\"><span style=\"text-decoration: underline;\">Rappel des derniers articles envoy\u00e9s aux membres de l&rsquo;AR15 via la <strong>newsletter hebdomadaire<\/strong><\/span> :<\/span><\/p>\n\n\n\n<ul class=\"display-posts-listing\"><li class=\"listing-item\"><a class=\"title\" target=\"_blank\" href=\"https:\/\/www.aaihednrn.org\/index.php\/2023\/05\/02\/panorama-de-la-cybermenace-2022-anssi\/\">Panorama de la Cybermenace 2022 (ANSSI)<\/a><\/li><li class=\"listing-item\"><a class=\"title\" target=\"_blank\" href=\"https:\/\/www.aaihednrn.org\/index.php\/2023\/05\/02\/les-limites-du-partenariat-indo-russe\/\">Les limites du partenariat indo-russe<\/a><\/li><\/ul>\n\n\n\n<p><strong><span style=\"color: #0000ff;\"><span style=\"text-decoration: underline;\">Sources d&rsquo;informations int\u00e9ressantes<\/span> :<\/span><\/strong><\/p>\n<ul>\n<li><a href=\"https:\/\/ihedn.fr\/conferences\/lundis-de-lihedn\/\" target=\"_blank\" rel=\"noreferrer noopener\">Cliquez ici<\/a> pour acc\u00e9der aux \u00ab\u00a0Lundi de l&rsquo;IHEDN\u00a0\u00bb, une source in\u00e9puisable d&rsquo;analyses strat\u00e9giques<\/li>\n<\/ul>\n<hr>\n<p><span style=\"text-decoration: underline;\"><strong><span style=\"color: #0000ff; text-decoration: underline;\">Informations pratiques :<\/span><\/strong><\/span><\/p>\n<ul>\n<li><strong><em><span style=\"color: #0000ff;\">Vos repr\u00e9sentants au<\/span> <a href=\"https:\/\/www.aaihednrn.org\/index.php\/category\/contacts\/le-conseil-dadministration\/\" target=\"_blank\" rel=\"noopener\">Conseil d&rsquo;Administration de l&rsquo;AR15<\/a><\/em><\/strong><\/li>\n<\/ul>\n\n\n<ul>\n<li><strong><span style=\"color: #0000ff;\"><em style=\"font-size: inherit; font-family: var(--dynamico--text-font);\">La\u00a0 \u00ab\u00a0<span style=\"color: #800080;\"><a style=\"color: #800080; text-decoration: underline;\" href=\"https:\/\/www.aaihednrn.org\/index.php\/category\/presentation\/la-communaute-ihedn\/\" target=\"_blank\" rel=\"noopener\">Communaut\u00e9 IHEDN<\/a><\/span>\u00a0\u00bb est anim\u00e9e par les acteurs suivants :<\/em><\/span><\/strong>\n<ul>\n<li><span style=\"color: #000000;\"><em><span style=\"font-family: var(--dynamico--text-font); font-size: 1.0625rem;\"><span style=\"color: #800080;\">l&rsquo;<a style=\"color: #800080;\" href=\"https:\/\/ihedn.fr\/\" target=\"_blank\" rel=\"noopener\">ECOLE IHEDN<\/a><\/span>, organe officiel qui organise les sessions de formation \u00e0 PARIS, en REGION, pour les jeunes et les moins jeunes ; <\/span><\/em><\/span><\/li>\n<li><span style=\"color: #000000;\"><em><span style=\"font-family: var(--dynamico--text-font); font-size: 1.0625rem;\">l&rsquo;<\/span><\/em><em><span style=\"color: #800080;\"> <a style=\"color: #800080;\" href=\"https:\/\/www.union-ihedn.org\/\" target=\"_blank\" rel=\"noopener\">UNION de AR de l&rsquo;IHEDN<\/a><\/span>, qui regroupe 41 <span style=\"color: #800080;\"><a style=\"color: #800080;\" href=\"https:\/\/www.aaihednrn.org\/index.php\/2022\/07\/03\/les-associations-regionales-dauditeurs-de-lihedn-en-france-metropolitaine\/\" target=\"_blank\" rel=\"noopener\">Associations R\u00e9gionales<\/a><\/span>, Nationales, internationales et th\u00e9matiques ;<\/em><\/span><\/li>\n<li><span style=\"color: #0000ff;\"><em>l&rsquo;AR15, votre Association R\u00e9gionale :<\/em><\/span>\n<ul>\n<li><span style=\"color: #0000ff;\"><em>anim\u00e9e par les membres de son <span style=\"color: #800080;\"><a style=\"color: #800080;\" href=\"https:\/\/www.aaihednrn.org\/index.php\/category\/contacts\/le-conseil-dadministration\/\" target=\"_blank\" rel=\"noopener\">Conseil d&rsquo;Administration<\/a><\/span><\/em><\/span><\/li>\n<li><span style=\"color: #0000ff;\"><em>elle organise de <span style=\"color: #800080;\"><a style=\"color: #800080;\" href=\"https:\/\/www.aaihednrn.org\/index.php\/category\/activites\/\" target=\"_blank\" rel=\"noopener\">nombreuses activit\u00e9s<\/a><\/span><\/em><\/span><\/li>\n<li><span style=\"color: #0000ff;\"><em>elle met \u00e0 votre\u00a0 disposition ses <span style=\"color: #800080;\"><a style=\"color: #800080;\" href=\"https:\/\/www.aaihednrn.org\/index.php\/category\/ressources-documentaires\/\" target=\"_blank\" rel=\"noopener\">Ressources Documentaires<\/a><\/span><\/em><\/span><\/li>\n<\/ul>\n<\/li>\n<li><span style=\"color: #000000;\"><em>l\u2019association des\u00a0<span style=\"color: #800080;\"><a style=\"color: #800080;\" href=\"https:\/\/www.union-ihedn.org\/\" target=\"_blank\" rel=\"noopener\">Jeunes-IHEDN<\/a><\/span>\u00a0;<\/em><\/span><\/li>\n<li><span style=\"color: #000000;\"><em>le\u00a0<span style=\"color: #800080;\"><a style=\"color: #800080;\" href=\"https:\/\/www.union-ihedn.org\/\" target=\"_blank\" rel=\"noopener\">Fonds de dotation de l\u2019IHEDN<\/a><\/span>\u00a0;<\/em><\/span><\/li>\n<\/ul>\n<\/li>\n<\/ul>","protected":false},"excerpt":{"rendered":"<p>Bienvenue sur votre page personnalis\u00e9e. Elle vous permet un acc\u00e8s rapide sur les actualit\u00e9s r\u00e9centes et aux informations de r\u00e9f\u00e9rence de notre communaut\u00e9 AR15.Cliquez-ici si vous n&rsquo;\u00eates pas membre de notre communaut\u00e9 AR15 . Prochaines activit\u00e9s organis\u00e9es pour vous par l&rsquo;AR15 : Rappel des derniers articles envoy\u00e9s aux membres de l&rsquo;AR15 via la newsletter hebdomadaire [&hellip;]<\/p>\n","protected":false},"author":18,"featured_media":0,"parent":0,"menu_order":0,"comment_status":"closed","ping_status":"closed","template":"","meta":{"ocean_post_layout":"","ocean_both_sidebars_style":"","ocean_both_sidebars_content_width":0,"ocean_both_sidebars_sidebars_width":0,"ocean_sidebar":"0","ocean_second_sidebar":"0","ocean_disable_margins":"enable","ocean_add_body_class":"","ocean_shortcode_before_top_bar":"","ocean_shortcode_after_top_bar":"","ocean_shortcode_before_header":"","ocean_shortcode_after_header":"","ocean_has_shortcode":"","ocean_shortcode_after_title":"","ocean_shortcode_before_footer_widgets":"","ocean_shortcode_after_footer_widgets":"","ocean_shortcode_before_footer_bottom":"","ocean_shortcode_after_footer_bottom":"","ocean_display_top_bar":"default","ocean_display_header":"default","ocean_header_style":"","ocean_center_header_left_menu":"0","ocean_custom_header_template":"0","ocean_custom_logo":0,"ocean_custom_retina_logo":0,"ocean_custom_logo_max_width":0,"ocean_custom_logo_tablet_max_width":0,"ocean_custom_logo_mobile_max_width":0,"ocean_custom_logo_max_height":0,"ocean_custom_logo_tablet_max_height":0,"ocean_custom_logo_mobile_max_height":0,"ocean_header_custom_menu":"0","ocean_menu_typo_font_family":"0","ocean_menu_typo_font_subset":"","ocean_menu_typo_font_size":0,"ocean_menu_typo_font_size_tablet":0,"ocean_menu_typo_font_size_mobile":0,"ocean_menu_typo_font_size_unit":"px","ocean_menu_typo_font_weight":"","ocean_menu_typo_font_weight_tablet":"","ocean_menu_typo_font_weight_mobile":"","ocean_menu_typo_transform":"","ocean_menu_typo_transform_tablet":"","ocean_menu_typo_transform_mobile":"","ocean_menu_typo_line_height":0,"ocean_menu_typo_line_height_tablet":0,"ocean_menu_typo_line_height_mobile":0,"ocean_menu_typo_line_height_unit":"","ocean_menu_typo_spacing":0,"ocean_menu_typo_spacing_tablet":0,"ocean_menu_typo_spacing_mobile":0,"ocean_menu_typo_spacing_unit":"","ocean_menu_link_color":"","ocean_menu_link_color_hover":"","ocean_menu_link_color_active":"","ocean_menu_link_background":"","ocean_menu_link_hover_background":"","ocean_menu_link_active_background":"","ocean_menu_social_links_bg":"","ocean_menu_social_hover_links_bg":"","ocean_menu_social_links_color":"","ocean_menu_social_hover_links_color":"","ocean_disable_title":"default","ocean_disable_heading":"default","ocean_post_title":"","ocean_post_subheading":"","ocean_post_title_style":"","ocean_post_title_background_color":"","ocean_post_title_background":0,"ocean_post_title_bg_image_position":"","ocean_post_title_bg_image_attachment":"","ocean_post_title_bg_image_repeat":"","ocean_post_title_bg_image_size":"","ocean_post_title_height":0,"ocean_post_title_bg_overlay":0.5,"ocean_post_title_bg_overlay_color":"","ocean_disable_breadcrumbs":"default","ocean_breadcrumbs_color":"","ocean_breadcrumbs_separator_color":"","ocean_breadcrumbs_links_color":"","ocean_breadcrumbs_links_hover_color":"","ocean_display_footer_widgets":"default","ocean_display_footer_bottom":"default","ocean_custom_footer_template":"0","footnotes":""},"class_list":["post-947","page","type-page","status-publish","hentry","entry"],"_links":{"self":[{"href":"https:\/\/www.aaihednrn.org\/index.php\/wp-json\/wp\/v2\/pages\/947","targetHints":{"allow":["GET"]}}],"collection":[{"href":"https:\/\/www.aaihednrn.org\/index.php\/wp-json\/wp\/v2\/pages"}],"about":[{"href":"https:\/\/www.aaihednrn.org\/index.php\/wp-json\/wp\/v2\/types\/page"}],"author":[{"embeddable":true,"href":"https:\/\/www.aaihednrn.org\/index.php\/wp-json\/wp\/v2\/users\/18"}],"replies":[{"embeddable":true,"href":"https:\/\/www.aaihednrn.org\/index.php\/wp-json\/wp\/v2\/comments?post=947"}],"version-history":[{"count":47,"href":"https:\/\/www.aaihednrn.org\/index.php\/wp-json\/wp\/v2\/pages\/947\/revisions"}],"predecessor-version":[{"id":1133,"href":"https:\/\/www.aaihednrn.org\/index.php\/wp-json\/wp\/v2\/pages\/947\/revisions\/1133"}],"wp:attachment":[{"href":"https:\/\/www.aaihednrn.org\/index.php\/wp-json\/wp\/v2\/media?parent=947"}],"curies":[{"name":"wp","href":"https:\/\/api.w.org\/{rel}","templated":true}]}}